{"id":1681,"date":"2021-08-02T15:06:29","date_gmt":"2021-08-02T19:06:29","guid":{"rendered":"https:\/\/sims.chaire.ulaval.ca\/nous-joindre\/"},"modified":"2022-11-23T12:21:04","modified_gmt":"2022-11-23T17:21:04","slug":"contact-us","status":"publish","type":"page","link":"https:\/\/sims.chaire.ulaval.ca\/en\/contact-us\/","title":{"rendered":"Contact us"},"content":{"rendered":"\n<section class=\"wp-block-csrtcommun-gutenberg-block-bloc-strate  strate bg-undefined\" aria-label=\"\"><div class=\"strate-contenu\">\n<div class=\"wp-block-csrtcommun-gutenberg-block-bloc-entete bloc-entete__wrapper\"><div class=\"bloc-entete\"><h1 class=\"accent\">Contact us<\/h1><div class=\"body\"><\/div><\/div><\/div>\n<div class=\"clearFix\"><\/div><\/div><\/section>\n\n\n\n<section class=\"wp-block-csrtcommun-gutenberg-block-bloc-strate  strate bg-undefined\" aria-label=\"\"><div class=\"strate-contenu\">\n<div class=\"wp-block-csrtcommun-gutenberg-block-bloc-nous-joindre bloc-nous-joindre__wrapper\"><div class=\"bloc-col-gauche__wrapper\"><div class=\"titre\">Research Chair on Safety and Integrity in Sports (SIMS)<\/div><div class=\"adresse\"><\/div><div class=\"telephone\"><a href=\"tel:418 656-2131 ext, 409204\" aria-label=\"Num\u00e9ro de t\u00e9l\u00e9phone : 4 1 8 6 5 6 2 1 3 1 4 0 9 2 0 4\"><span aria-hidden=\"true\">418 656-2131 ext, 409204<\/span><\/a><\/div><div class=\"courriel\"><a href=\"mailto:chaire.sims@fse.ulaval.ca\" aria-label=\"Adresse courriel chaire.sims@fse.ulaval.ca\">chaire.sims@fse.ulaval.ca<\/a><\/div><\/div><div class=\"bloc-col-droite__wrapper\"><div><div class=\"wp-block-image\">\n<figure class=\"aligncenter size-large is-resized\"><img loading=\"lazy\" decoding=\"async\" src=\"https:\/\/sims.chaire.ulaval.ca\/wp-content\/uploads\/2021\/08\/Logo_Sims-483x1024.png\" alt=\"Ic\u00f4ne Chaire SIMS\" class=\"wp-image-241\" width=\"121\" height=\"256\" srcset=\"https:\/\/sims.chaire.ulaval.ca\/\/app\/uploads\/2021\/08\/Logo_Sims-483x1024.png 483w, https:\/\/sims.chaire.ulaval.ca\/\/app\/uploads\/2021\/08\/Logo_Sims-141x300.png 141w, https:\/\/sims.chaire.ulaval.ca\/\/app\/uploads\/2021\/08\/Logo_Sims.png 606w\" sizes=\"auto, (max-width: 121px) 100vw, 121px\" \/><\/figure>\n<\/div><\/div><\/div><\/div>\n<div class=\"clearFix\"><\/div><\/div><\/section>\n","protected":false},"excerpt":{"rendered":"","protected":false},"author":3,"featured_media":0,"parent":0,"menu_order":0,"comment_status":"closed","ping_status":"closed","template":"","meta":{"_acf_changed":false,"footnotes":""},"class_list":["post-1681","page","type-page","status-publish","hentry"],"acf":[],"_links":{"self":[{"href":"https:\/\/sims.chaire.ulaval.ca\/en\/wp-json\/wp\/v2\/pages\/1681","targetHints":{"allow":["GET"]}}],"collection":[{"href":"https:\/\/sims.chaire.ulaval.ca\/en\/wp-json\/wp\/v2\/pages"}],"about":[{"href":"https:\/\/sims.chaire.ulaval.ca\/en\/wp-json\/wp\/v2\/types\/page"}],"author":[{"embeddable":true,"href":"https:\/\/sims.chaire.ulaval.ca\/en\/wp-json\/wp\/v2\/users\/3"}],"replies":[{"embeddable":true,"href":"https:\/\/sims.chaire.ulaval.ca\/en\/wp-json\/wp\/v2\/comments?post=1681"}],"version-history":[{"count":6,"href":"https:\/\/sims.chaire.ulaval.ca\/en\/wp-json\/wp\/v2\/pages\/1681\/revisions"}],"predecessor-version":[{"id":3349,"href":"https:\/\/sims.chaire.ulaval.ca\/en\/wp-json\/wp\/v2\/pages\/1681\/revisions\/3349"}],"wp:attachment":[{"href":"https:\/\/sims.chaire.ulaval.ca\/en\/wp-json\/wp\/v2\/media?parent=1681"}],"curies":[{"name":"wp","href":"https:\/\/api.w.org\/{rel}","templated":true}]}}