{"id":1686,"date":"2021-07-20T11:14:45","date_gmt":"2021-07-20T15:14:45","guid":{"rendered":"https:\/\/sims.chaire.ulaval.ca\/accueil\/"},"modified":"2025-07-09T11:23:49","modified_gmt":"2025-07-09T15:23:49","slug":"accueil","status":"publish","type":"page","link":"https:\/\/sims.chaire.ulaval.ca\/en\/","title":{"rendered":"Home"},"content":{"rendered":"\n<div class=\"wp-block-getwid-images-slider has-arrows-inside has-dots-inside has-images-center has-cropped-images\"><div class=\"wp-block-getwid-images-slider__wrapper\" data-effect=\"slide\" data-slides-show=\"1\" data-slides-show-laptop=\"1\" data-slides-show-tablet=\"1\" data-slides-show-mobile=\"1\" data-slides-scroll=\"1\" data-autoplay=\"false\" data-pause-hover=\"false\" data-autoplay-speed=\"6000\" data-infinite=\"true\" data-animation-speed=\"800\" data-center-mode=\"false\" data-variable-width=\"false\" data-arrows=\"inside\" data-dots=\"inside\" data-spacing=\"none\"><div class=\"wp-block-getwid-images-slider__item\"><figure><img loading=\"lazy\" decoding=\"async\" width=\"1920\" height=\"400\" src=\"https:\/\/sims.chaire.ulaval.ca\/\/app\/uploads\/2021\/09\/images_site_web_AvecWaterMark19.jpg\" alt=\"Jeune fille souriante tenant un ballon de soccer\" data-id=\"1076\" data-link=\"https:\/\/sims.chaire.ulaval.ca\/images_site_web_avecwatermark19\/\" data-original-link=\"https:\/\/sims.chaire.ulaval.ca\/\/app\/uploads\/2021\/09\/images_site_web_AvecWaterMark19.jpg\" class=\"wp-block-getwid-images-slider__image wp-image-1076\" srcset=\"https:\/\/sims.chaire.ulaval.ca\/\/app\/uploads\/2021\/09\/images_site_web_AvecWaterMark19.jpg 1920w, https:\/\/sims.chaire.ulaval.ca\/\/app\/uploads\/2021\/09\/images_site_web_AvecWaterMark19-300x63.jpg 300w, https:\/\/sims.chaire.ulaval.ca\/\/app\/uploads\/2021\/09\/images_site_web_AvecWaterMark19-1024x213.jpg 1024w, https:\/\/sims.chaire.ulaval.ca\/\/app\/uploads\/2021\/09\/images_site_web_AvecWaterMark19-768x160.jpg 768w, https:\/\/sims.chaire.ulaval.ca\/\/app\/uploads\/2021\/09\/images_site_web_AvecWaterMark19-1536x320.jpg 1536w\" sizes=\"auto, (max-width: 1920px) 100vw, 1920px\" \/><\/figure><\/div><div class=\"wp-block-getwid-images-slider__item\"><figure><img loading=\"lazy\" decoding=\"async\" width=\"1920\" height=\"400\" src=\"https:\/\/sims.chaire.ulaval.ca\/\/app\/uploads\/2021\/09\/images_site_web_AvecWaterMark14.jpg\" alt=\"Entra\u00eeneure et joueuses de basketball durant un caucus\" data-id=\"1066\" data-link=\"https:\/\/sims.chaire.ulaval.ca\/images_site_web_avecwatermark14\/\" data-original-link=\"https:\/\/sims.chaire.ulaval.ca\/\/app\/uploads\/2021\/09\/images_site_web_AvecWaterMark14.jpg\" class=\"wp-block-getwid-images-slider__image wp-image-1066\" srcset=\"https:\/\/sims.chaire.ulaval.ca\/\/app\/uploads\/2021\/09\/images_site_web_AvecWaterMark14.jpg 1920w, https:\/\/sims.chaire.ulaval.ca\/\/app\/uploads\/2021\/09\/images_site_web_AvecWaterMark14-300x63.jpg 300w, https:\/\/sims.chaire.ulaval.ca\/\/app\/uploads\/2021\/09\/images_site_web_AvecWaterMark14-1024x213.jpg 1024w, https:\/\/sims.chaire.ulaval.ca\/\/app\/uploads\/2021\/09\/images_site_web_AvecWaterMark14-768x160.jpg 768w, https:\/\/sims.chaire.ulaval.ca\/\/app\/uploads\/2021\/09\/images_site_web_AvecWaterMark14-1536x320.jpg 1536w\" sizes=\"auto, (max-width: 1920px) 100vw, 1920px\" \/><\/figure><\/div><div class=\"wp-block-getwid-images-slider__item\"><figure><img loading=\"lazy\" decoding=\"async\" width=\"1920\" height=\"400\" src=\"https:\/\/sims.chaire.ulaval.ca\/\/app\/uploads\/2021\/09\/images_site_web_AvecWaterMark.jpg\" alt=\"Jeune gar\u00e7on jouant au baseball et arbitre\" data-id=\"1040\" data-link=\"https:\/\/sims.chaire.ulaval.ca\/images_site_web_avecwatermark\/\" data-original-link=\"https:\/\/sims.chaire.ulaval.ca\/\/app\/uploads\/2021\/09\/images_site_web_AvecWaterMark.jpg\" class=\"wp-block-getwid-images-slider__image wp-image-1040\" srcset=\"https:\/\/sims.chaire.ulaval.ca\/\/app\/uploads\/2021\/09\/images_site_web_AvecWaterMark.jpg 1920w, https:\/\/sims.chaire.ulaval.ca\/\/app\/uploads\/2021\/09\/images_site_web_AvecWaterMark-300x63.jpg 300w, https:\/\/sims.chaire.ulaval.ca\/\/app\/uploads\/2021\/09\/images_site_web_AvecWaterMark-1024x213.jpg 1024w, https:\/\/sims.chaire.ulaval.ca\/\/app\/uploads\/2021\/09\/images_site_web_AvecWaterMark-768x160.jpg 768w, https:\/\/sims.chaire.ulaval.ca\/\/app\/uploads\/2021\/09\/images_site_web_AvecWaterMark-1536x320.jpg 1536w\" sizes=\"auto, (max-width: 1920px) 100vw, 1920px\" \/><\/figure><\/div><\/div><\/div>\n\n\n\n<section class=\"wp-block-csrtcommun-gutenberg-block-bloc-strate  strate bg-undefined\" aria-label=\"\"><div class=\"strate-contenu\">\n<div class=\"wp-block-csrtcommun-gutenberg-block-bloc-entete bloc-entete__wrapper\"><div class=\"bloc-entete\"><h1 class=\"accent\">Research Chair in Safety and Integrity in Sport (SIMS)<\/h1><div class=\"body\"><\/div><\/div><\/div>\n<div class=\"clearFix\"><\/div><\/div><\/section>\n\n\n\n<section class=\"wp-block-csrtcommun-gutenberg-block-bloc-strate  strate bg-undefined\" aria-label=\"\"><div class=\"strate-contenu\">\n<div class=\"wp-block-csrtcommun-gutenberg-block-bloc-cartes-cliquables bloc-cartes-cliquables__wrapper\"><div class=\"bloc-cartes-cliquables  gris-fonce moyenne item-per-line-3\">\n<div class=\"wp-block-csrtcommun-gutenberg-block-bloc-carte-image bloc-carte-image\"><a class=\"carte-lien \" href=\"https:\/\/sims.chaire.ulaval.ca\/en\/about-us\/\">lien<div class=\"carte-background\" style=\"background-image:url(https:\/\/sims.chaire.ulaval.ca\/wp-content\/uploads\/2021\/08\/iStock-1189767784-scaled.jpg)\"><\/div><\/a><div class=\"carte-contenu-wrapper\">\n<h2 class=\"wp-block-heading\">About us<\/h2>\n<\/div><\/div>\n\n\n\n<div class=\"wp-block-csrtcommun-gutenberg-block-bloc-carte-image bloc-carte-image\"><a class=\"carte-lien \" href=\"https:\/\/sims.chaire.ulaval.ca\/en\/about-us\/team\/\">lien<div class=\"carte-background\" style=\"background-image:url(https:\/\/sims.chaire.ulaval.ca\/wp-content\/uploads\/2021\/08\/iStock-617396986-scaled.jpg)\"><\/div><\/a><div class=\"carte-contenu-wrapper\">\n<h2 class=\"wp-block-heading\">Team<\/h2>\n<\/div><\/div>\n\n\n\n<div class=\"wp-block-csrtcommun-gutenberg-block-bloc-carte-image bloc-carte-image\"><a class=\"carte-lien \" href=\"https:\/\/sims.chaire.ulaval.ca\/en\/research-projects\/\">lien<div class=\"carte-background\" style=\"background-image:url(https:\/\/sims.chaire.ulaval.ca\/wp-content\/uploads\/2021\/08\/iStock-693674700-scaled.jpg)\"><\/div><\/a><div class=\"carte-contenu-wrapper\">\n<h2 class=\"wp-block-heading\">Projects<\/h2>\n<\/div><\/div>\n<\/div><\/div>\n<div class=\"clearFix\"><\/div><\/div><\/section>\n\n\n\n<section class=\"wp-block-csrtcommun-gutenberg-block-bloc-strate  strate bg-gris-pale\" aria-label=\"\"><div class=\"strate-contenu\">\n<div class=\"wp-block-columns is-layout-flex wp-container-core-columns-is-layout-9d6595d7 wp-block-columns-is-layout-flex\">\n<div class=\"wp-block-column is-layout-flow wp-block-column-is-layout-flow\">\n<h2 class=\"wp-block-heading\">News<\/h2>\n\n\n<div class=\"posts_bloc__wrapper \"><section class=\"posts_bloc__liste sans-image\"><ul class=\"posts_bloc__liste-ul\"><li class=\"posts_bloc__article sans-image  grid-1-posts\"><div class=\"posts_bloc__article-titre\"><h3>Annual report 2025-2026<\/h3><\/div><div class=\"posts_bloc__article-date\"><span>April 9, 2026<\/span><\/div><a class=\"posts_bloc__article-lien\" href=\"https:\/\/sims.chaire.ulaval.ca\/en\/actualites-en\/annual-report-2025-2026\/\"><span class=\"texte-hors-ecran\">Annual report 2025-2026<\/span><\/a><\/li><li class=\"posts_bloc__article sans-image  grid-1-posts\"><div class=\"posts_bloc__article-titre\"><h3>When and How to React to Interpersonal Violence: A Coaches\u2019 Guide on Bystander Behaviour<\/h3><\/div><div class=\"posts_bloc__article-date\"><span>February 3, 2026<\/span><\/div><a class=\"posts_bloc__article-lien\" href=\"https:\/\/sims.chaire.ulaval.ca\/en\/actualites-en\/when-and-how-to-react-to-interpersonal-violence-a-coaches-guide-on-bystander-behaviour\/\"><span class=\"texte-hors-ecran\">When and How to React to Interpersonal Violence: A Coaches\u2019 Guide on Bystander Behaviour<\/span><\/a><\/li><li class=\"posts_bloc__article sans-image  grid-1-posts\"><div class=\"posts_bloc__article-titre\"><h3>Conflict Prevention and Resolution in Sport: A Coaches\u2019 Practical Guide<\/h3><\/div><div class=\"posts_bloc__article-date\"><span>January 12, 2026<\/span><\/div><a class=\"posts_bloc__article-lien\" href=\"https:\/\/sims.chaire.ulaval.ca\/en\/actualites-en\/conflict-prevention-andresolution-in-sport-a-coaches-practical-guide\/\"><span class=\"texte-hors-ecran\">Conflict Prevention and Resolution in Sport: A Coaches\u2019 Practical Guide<\/span><\/a><\/li><\/ul><\/section><\/div>\n\n\n<div class=\"wp-block-csrtcommun-gutenberg-block-bloc-bouton-lien bouton-lien__wrapper  texte-gauche\"><a class=\"bouton-lien accent-blanc\" href=\"https:\/\/sims.chaire.ulaval.ca\/en\/news\/\">See All News<\/a><\/div>\n<\/div>\n\n\n\n<div class=\"wp-block-column is-layout-flow wp-block-column-is-layout-flow\">\n<h2 class=\"wp-block-heading\">Events<\/h2>\n\n\n<div class=\"posts_bloc__wrapper \"><section class=\"posts_bloc__liste sans-image\"><ul class=\"posts_bloc__liste-ul\"><div class=\"msg-aucun\">No events to display.<\/div><\/ul><\/section><\/div>\n\n\n<div class=\"wp-block-csrtcommun-gutenberg-block-bloc-bouton-lien bouton-lien__wrapper  texte-gauche\"><a class=\"bouton-lien accent-blanc\" href=\"https:\/\/sims.chaire.ulaval.ca\/en\/events\/\">See All Events<\/a><\/div>\n<\/div>\n<\/div>\n<div class=\"clearFix\"><\/div><\/div><\/section>\n\n\n\n<section class=\"wp-block-csrtcommun-gutenberg-block-bloc-strate  strate bg-undefined\" aria-label=\"\"><div class=\"strate-contenu\">\n<div class=\"wp-block-columns is-layout-flex wp-container-core-columns-is-layout-9d6595d7 wp-block-columns-is-layout-flex\">\n<div class=\"wp-block-column is-layout-flow wp-block-column-is-layout-flow\">\n<h2 class=\"wp-block-heading\">A mobilizing transdisciplinary research program<\/h2>\n\n\n\n\n<\/div>\n\n\n\n<div class=\"wp-block-column is-layout-flow wp-block-column-is-layout-flow\"><div class=\"wp-block-image\">\n<figure class=\"aligncenter size-large is-resized\"><img loading=\"lazy\" decoding=\"async\" width=\"720\" height=\"720\" src=\"https:\/\/sims.chaire.ulaval.ca\/\/app\/uploads\/2021\/09\/icone_transdiciplinaire.png\" alt=\"ic\u00f4ne transdisciplinaire\" class=\"wp-image-889\" style=\"width:220px;height:220px\" srcset=\"https:\/\/sims.chaire.ulaval.ca\/\/app\/uploads\/2021\/09\/icone_transdiciplinaire.png 720w, https:\/\/sims.chaire.ulaval.ca\/\/app\/uploads\/2021\/09\/icone_transdiciplinaire-300x300.png 300w, https:\/\/sims.chaire.ulaval.ca\/\/app\/uploads\/2021\/09\/icone_transdiciplinaire-150x150.png 150w\" sizes=\"auto, (max-width: 720px) 100vw, 720px\" \/><\/figure>\n<\/div><\/div>\n\n\n\n<div class=\"wp-block-column is-layout-flow wp-block-column-is-layout-flow\">\n<p>The Research Chair in Safety and Integrity in Sport (SIMS) and its research program are made possible by the financial support of the Minist\u00e8re de l&#8217;\u00c9ducation and the contribution of the Minist\u00e8re de la Sant\u00e9 et des Services Sociaux.<\/p>\n\n\n\n<div class=\"wp-block-columns is-layout-flex wp-container-core-columns-is-layout-9d6595d7 wp-block-columns-is-layout-flex\">\n<div class=\"wp-block-column is-layout-flow wp-block-column-is-layout-flow\"><div class=\"wp-block-image\">\n<figure class=\"aligncenter size-large is-resized\"><img loading=\"lazy\" decoding=\"async\" width=\"1024\" height=\"303\" src=\"https:\/\/sims.chaire.ulaval.ca\/\/app\/uploads\/2021\/08\/votre-gouv_couleur-1-1024x303.png\" alt=\"\" class=\"wp-image-338\" style=\"width:128px;height:38px\" srcset=\"https:\/\/sims.chaire.ulaval.ca\/\/app\/uploads\/2021\/08\/votre-gouv_couleur-1-1024x303.png 1024w, https:\/\/sims.chaire.ulaval.ca\/\/app\/uploads\/2021\/08\/votre-gouv_couleur-1-300x89.png 300w, https:\/\/sims.chaire.ulaval.ca\/\/app\/uploads\/2021\/08\/votre-gouv_couleur-1-768x228.png 768w, https:\/\/sims.chaire.ulaval.ca\/\/app\/uploads\/2021\/08\/votre-gouv_couleur-1.png 1026w\" sizes=\"auto, (max-width: 1024px) 100vw, 1024px\" \/><\/figure>\n<\/div><\/div>\n\n\n\n<div class=\"wp-block-column is-layout-flow wp-block-column-is-layout-flow\"><div class=\"wp-block-image\">\n<figure class=\"aligncenter size-large is-resized\"><img loading=\"lazy\" decoding=\"async\" width=\"560\" height=\"169\" src=\"https:\/\/sims.chaire.ulaval.ca\/\/app\/uploads\/2021\/08\/QUEBi2c-1.jpg\" alt=\"\" class=\"wp-image-344\" style=\"width:140px;height:42px\" srcset=\"https:\/\/sims.chaire.ulaval.ca\/\/app\/uploads\/2021\/08\/QUEBi2c-1.jpg 560w, https:\/\/sims.chaire.ulaval.ca\/\/app\/uploads\/2021\/08\/QUEBi2c-1-300x91.jpg 300w\" sizes=\"auto, (max-width: 560px) 100vw, 560px\" \/><\/figure>\n<\/div><\/div>\n<\/div>\n<\/div>\n<\/div>\n<div class=\"clearFix\"><\/div><\/div><\/section>\n\n\n\n<section class=\"wp-block-csrtcommun-gutenberg-block-bloc-strate-image-contenu  strate undefined bg-gris-fonce\"><div class=\"strate-contenu-image right\"><div class=\"bloc-contenu\"><div>\n<h2 class=\"wp-block-heading\">Subscribe to our newsletter<\/h2>\n\n\n            <div class='wp-block-getwid-mailchimp'>\n                <form class='wp-block-getwid-mailchimp__form'>\n\t\n        <p class='wp-block-getwid-field-email'>        <label\n            for='email-69d9214d55dad'\n            class='wp-block-getwid-field-email__label'>Email address<\/label>\n    \n    <input id='email-69d9214d55dad' type='email' name='email'             required=''    \/>\n<\/p>\n\n\n\t<input name='list_ids' \t\t\tvalue='[&quot;05205e78bf&quot;]'\t\ttype='hidden'\n\t\/>\n\n\t<p class='wp-block-getwid-mailchimp__result'><\/p>\n\n\t<div class='wp-block-getwid-mailchimp__submit'>\n\t\t<div class='wp-block-button'>\n\t\t\t<button\n\t\t\t\ttype='submit'\n\t\t\t\tclass='wp-block-button__link has-text-color has-white-color has-background'\t\t\t\t\tstyle='background-color:#e30513;'>Sign up<\/button>\n\t\t<\/div>\n\n\t<\/div>\n<\/form>\n            <\/div><\/div><\/div><div class=\" bloc-image  image-active\"><img decoding=\"async\" src=\"https:\/\/sims.chaire.ulaval.ca\/\/app\/uploads\/2022\/10\/pexels-fauxels-3183202-scaled.jpg\"\/><\/div><\/div><\/section>\n\n\n\n<section class=\"wp-block-csrtcommun-gutenberg-block-bloc-strate  strate bg-gris-pale\" aria-label=\"\"><div class=\"strate-contenu\">\n<p class=\"has-text-align-center\"><a href=\"https:\/\/sims.chaire.ulaval.ca\/en\/about-us\/\" data-type=\"URL\">About us<\/a> | <a href=\"https:\/\/sims.chaire.ulaval.ca\/en\/team\/\" data-type=\"URL\">Team<\/a> | <a href=\"https:\/\/sims.chaire.ulaval.ca\/en\/projects\/\" data-type=\"URL\">Projects<\/a> | <a href=\"https:\/\/sims.chaire.ulaval.ca\/en\/publications\/\" data-type=\"URL\">Publications<\/a> | <a href=\"https:\/\/sims.chaire.ulaval.ca\/en\/knowledge-mobilization\/\" data-type=\"URL\">Knowledge mobilization<\/a> | <a href=\"https:\/\/sims.chaire.ulaval.ca\/en\/\" data-type=\"URL\">E<\/a><a href=\"https:\/\/sims.chaire.ulaval.ca\/en\/events\/\" data-type=\"URL\">vents<\/a><\/p>\n<div class=\"clearFix\"><\/div><\/div><\/section>\n","protected":false},"excerpt":{"rendered":"","protected":false},"author":1,"featured_media":0,"parent":0,"menu_order":0,"comment_status":"closed","ping_status":"closed","template":"","meta":{"_acf_changed":false,"footnotes":""},"class_list":["post-1686","page","type-page","status-publish","hentry"],"acf":[],"_links":{"self":[{"href":"https:\/\/sims.chaire.ulaval.ca\/en\/wp-json\/wp\/v2\/pages\/1686","targetHints":{"allow":["GET"]}}],"collection":[{"href":"https:\/\/sims.chaire.ulaval.ca\/en\/wp-json\/wp\/v2\/pages"}],"about":[{"href":"https:\/\/sims.chaire.ulaval.ca\/en\/wp-json\/wp\/v2\/types\/page"}],"author":[{"embeddable":true,"href":"https:\/\/sims.chaire.ulaval.ca\/en\/wp-json\/wp\/v2\/users\/1"}],"replies":[{"embeddable":true,"href":"https:\/\/sims.chaire.ulaval.ca\/en\/wp-json\/wp\/v2\/comments?post=1686"}],"version-history":[{"count":49,"href":"https:\/\/sims.chaire.ulaval.ca\/en\/wp-json\/wp\/v2\/pages\/1686\/revisions"}],"predecessor-version":[{"id":6761,"href":"https:\/\/sims.chaire.ulaval.ca\/en\/wp-json\/wp\/v2\/pages\/1686\/revisions\/6761"}],"wp:attachment":[{"href":"https:\/\/sims.chaire.ulaval.ca\/en\/wp-json\/wp\/v2\/media?parent=1686"}],"curies":[{"name":"wp","href":"https:\/\/api.w.org\/{rel}","templated":true}]}}