{"id":1911,"date":"2021-12-08T09:19:15","date_gmt":"2021-12-08T14:19:15","guid":{"rendered":"https:\/\/sims.chaire.ulaval.ca\/?page_id=1911"},"modified":"2025-08-06T08:17:50","modified_gmt":"2025-08-06T12:17:50","slug":"about-us","status":"publish","type":"page","link":"https:\/\/sims.chaire.ulaval.ca\/en\/about-us\/","title":{"rendered":"About us"},"content":{"rendered":"\n<div class=\"wp-block-getwid-images-slider has-arrows-inside has-dots-inside has-images-center has-cropped-images\"><div class=\"wp-block-getwid-images-slider__wrapper\" data-effect=\"slide\" data-slides-show=\"1\" data-slides-show-laptop=\"1\" data-slides-show-tablet=\"1\" data-slides-show-mobile=\"1\" data-slides-scroll=\"1\" data-autoplay=\"true\" data-pause-hover=\"false\" data-autoplay-speed=\"5000\" data-infinite=\"true\" data-animation-speed=\"2000\" data-center-mode=\"false\" data-variable-width=\"false\" data-arrows=\"inside\" data-dots=\"inside\" data-spacing=\"none\"><div class=\"wp-block-getwid-images-slider__item\"><figure><img loading=\"lazy\" decoding=\"async\" width=\"1920\" height=\"400\" src=\"https:\/\/sims.chaire.ulaval.ca\/\/app\/uploads\/2021\/09\/images_site_web_AvecWaterMark18.jpg\" alt=\"Femmes posant avec un ballon de soccer\" data-id=\"1074\" data-link=\"https:\/\/sims.chaire.ulaval.ca\/images_site_web_avecwatermark18\/\" data-original-link=\"https:\/\/sims.chaire.ulaval.ca\/\/app\/uploads\/2021\/09\/images_site_web_AvecWaterMark18.jpg\" class=\"wp-block-getwid-images-slider__image wp-image-1074\" srcset=\"https:\/\/sims.chaire.ulaval.ca\/\/app\/uploads\/2021\/09\/images_site_web_AvecWaterMark18.jpg 1920w, https:\/\/sims.chaire.ulaval.ca\/\/app\/uploads\/2021\/09\/images_site_web_AvecWaterMark18-300x63.jpg 300w, https:\/\/sims.chaire.ulaval.ca\/\/app\/uploads\/2021\/09\/images_site_web_AvecWaterMark18-1024x213.jpg 1024w, https:\/\/sims.chaire.ulaval.ca\/\/app\/uploads\/2021\/09\/images_site_web_AvecWaterMark18-768x160.jpg 768w, https:\/\/sims.chaire.ulaval.ca\/\/app\/uploads\/2021\/09\/images_site_web_AvecWaterMark18-1536x320.jpg 1536w\" sizes=\"auto, (max-width: 1920px) 100vw, 1920px\" \/><\/figure><\/div><div class=\"wp-block-getwid-images-slider__item\"><figure><img loading=\"lazy\" decoding=\"async\" width=\"1920\" height=\"400\" src=\"https:\/\/sims.chaire.ulaval.ca\/\/app\/uploads\/2021\/09\/images_site_web_AvecWaterMark6.jpg\" alt=\"Groupe de jeunes gar\u00e7ons qui prennent un autoportrait \u00e0 la suite d\u2019une partie\" data-id=\"1050\" data-link=\"https:\/\/sims.chaire.ulaval.ca\/images_site_web_avecwatermark6\/\" data-original-link=\"https:\/\/sims.chaire.ulaval.ca\/\/app\/uploads\/2021\/09\/images_site_web_AvecWaterMark6.jpg\" class=\"wp-block-getwid-images-slider__image wp-image-1050\" srcset=\"https:\/\/sims.chaire.ulaval.ca\/\/app\/uploads\/2021\/09\/images_site_web_AvecWaterMark6.jpg 1920w, https:\/\/sims.chaire.ulaval.ca\/\/app\/uploads\/2021\/09\/images_site_web_AvecWaterMark6-300x63.jpg 300w, https:\/\/sims.chaire.ulaval.ca\/\/app\/uploads\/2021\/09\/images_site_web_AvecWaterMark6-1024x213.jpg 1024w, https:\/\/sims.chaire.ulaval.ca\/\/app\/uploads\/2021\/09\/images_site_web_AvecWaterMark6-768x160.jpg 768w, https:\/\/sims.chaire.ulaval.ca\/\/app\/uploads\/2021\/09\/images_site_web_AvecWaterMark6-1536x320.jpg 1536w\" sizes=\"auto, (max-width: 1920px) 100vw, 1920px\" \/><\/figure><\/div><div class=\"wp-block-getwid-images-slider__item\"><figure><img loading=\"lazy\" decoding=\"async\" width=\"1920\" height=\"400\" src=\"https:\/\/sims.chaire.ulaval.ca\/\/app\/uploads\/2021\/09\/images_site_web_AvecWaterMark10.jpg\" alt=\"Jeune fille souriante avec une monitrice dans une piscine\" data-id=\"1058\" data-link=\"https:\/\/sims.chaire.ulaval.ca\/images_site_web_avecwatermark10\/\" data-original-link=\"https:\/\/sims.chaire.ulaval.ca\/\/app\/uploads\/2021\/09\/images_site_web_AvecWaterMark10.jpg\" class=\"wp-block-getwid-images-slider__image wp-image-1058\" srcset=\"https:\/\/sims.chaire.ulaval.ca\/\/app\/uploads\/2021\/09\/images_site_web_AvecWaterMark10.jpg 1920w, https:\/\/sims.chaire.ulaval.ca\/\/app\/uploads\/2021\/09\/images_site_web_AvecWaterMark10-300x63.jpg 300w, https:\/\/sims.chaire.ulaval.ca\/\/app\/uploads\/2021\/09\/images_site_web_AvecWaterMark10-1024x213.jpg 1024w, https:\/\/sims.chaire.ulaval.ca\/\/app\/uploads\/2021\/09\/images_site_web_AvecWaterMark10-768x160.jpg 768w, https:\/\/sims.chaire.ulaval.ca\/\/app\/uploads\/2021\/09\/images_site_web_AvecWaterMark10-1536x320.jpg 1536w\" sizes=\"auto, (max-width: 1920px) 100vw, 1920px\" \/><\/figure><\/div><\/div><\/div>\n\n\n\n<section class=\"wp-block-csrtcommun-gutenberg-block-bloc-strate  strate bg-undefined\" aria-label=\"\"><div class=\"strate-contenu\">\n<div class=\"wp-block-csrtcommun-gutenberg-block-bloc-entete bloc-entete__wrapper\"><div class=\"bloc-entete\"><h1 class=\"accent\">About us<\/h1><div class=\"body\">Created in November 2020 and located at Universit\u00e9 Laval, the Research Chair in Safety and Integrity in Sport (SIMS) would like to respond to an important need surrounding the issues of safety and integrity in sport, namely research and knowledge transfer. Composed of researchers from various backgrounds, the SIMS Chair aims to be a hub for empirical knowledge on this issue and a place for sharing and exchange with the community.<\/div><\/div><\/div>\n<div class=\"clearFix\"><\/div><\/div><\/section>\n\n\n\n<section class=\"wp-block-csrtcommun-gutenberg-block-bloc-strate  strate bg-gris-pale\" aria-label=\"\"><div class=\"strate-contenu\">\n<div class=\"wp-block-columns margin-top-20 is-layout-flex wp-container-core-columns-is-layout-9d6595d7 wp-block-columns-is-layout-flex\">\n<div class=\"wp-block-column is-layout-flow wp-block-column-is-layout-flow\"><div class=\"wp-block-image sticky top-60\">\n<figure class=\"aligncenter size-large is-resized\"><img loading=\"lazy\" decoding=\"async\" width=\"483\" height=\"1024\" src=\"https:\/\/sims.chaire.ulaval.ca\/\/app\/uploads\/2021\/08\/Logo_Sims-483x1024.png\" alt=\"\" class=\"wp-image-241\" style=\"width:121px;height:256px\" srcset=\"https:\/\/sims.chaire.ulaval.ca\/\/app\/uploads\/2021\/08\/Logo_Sims-483x1024.png 483w, https:\/\/sims.chaire.ulaval.ca\/\/app\/uploads\/2021\/08\/Logo_Sims-141x300.png 141w, https:\/\/sims.chaire.ulaval.ca\/\/app\/uploads\/2021\/08\/Logo_Sims.png 606w\" sizes=\"auto, (max-width: 483px) 100vw, 483px\" \/><\/figure>\n<\/div><\/div>\n\n\n\n<div class=\"wp-block-column is-layout-flow wp-block-column-is-layout-flow\">\n<h2 class=\"wp-block-heading\">Mission<\/h2>\n\n\n\n<p class=\"margin-bottom-30\">To prevent violence in sport (VIS) by mobilizing a partnership to support the production and mobilization of knowledge on this important societal issue.<\/p>\n\n\n\n<div class=\"wp-block-getwid-accordion has-icon-left\" data-active-element=\"none\">\n<div class=\"wp-block-getwid-accordion__header-wrapper\"><span class=\"wp-block-getwid-accordion__header\"><a href=\"#\"><span class=\"wp-block-getwid-accordion__header-title\">Themes<\/span><span class=\"wp-block-getwid-accordion__icon is-active\"><i class=\"fas fa-plus\"><\/i><\/span><span class=\"wp-block-getwid-accordion__icon is-passive\"><i class=\"fas fa-minus\"><\/i><\/span><\/a><\/span><\/div><div class=\"wp-block-getwid-accordion__content-wrapper\"><div class=\"wp-block-getwid-accordion__content\">\n<p><strong><em>Surveillance<\/em><\/strong><br \/>This theme will deepen, broaden and expand the current knowledge of VIS to guide the search for solutions.<\/p>\n\n\n\n<p><strong><em>Development, implementation and evaluation<\/em><\/strong><br \/>This theme will allow for the implementation of promising interventions to prevent VIS and to test their effectiveness.<\/p>\n\n\n\n<p><strong><em>Knowledge mobilization and transfer<\/em><\/strong><br \/>This theme aims to promote knowledge transfer both in the scientific and professional communities and to the general public.<\/p>\n<\/div><\/div>\n\n\n\n<div class=\"wp-block-getwid-accordion__header-wrapper\"><span class=\"wp-block-getwid-accordion__header\"><a href=\"#\"><span class=\"wp-block-getwid-accordion__header-title\">Steering Committee<\/span><span class=\"wp-block-getwid-accordion__icon is-active\"><i class=\"fas fa-plus\"><\/i><\/span><span class=\"wp-block-getwid-accordion__icon is-passive\"><i class=\"fas fa-minus\"><\/i><\/span><\/a><\/span><\/div><div class=\"wp-block-getwid-accordion__content-wrapper\"><div class=\"wp-block-getwid-accordion__content\">\n<ul class=\"wp-block-list\">\n<li><strong>Jacinthe Dion<\/strong>, Full Professor in Clinical and Developmental Psychology, Universit\u00e9 du Qu\u00e9bec \u00e0 Chicoutimi<br \/><\/li>\n\n\n\n<li><strong>Jana Martic<\/strong>, Advisor on Public Health Research and Evaluation, Department of Public Health Planning et Development, Minist\u00e8re de la Sant\u00e9 et des Services sociaux<br \/><\/li>\n\n\n\n<li><strong>Mathieu B\u00e9land<\/strong>, Director, Direction de la s\u00e9curit\u00e9 dans le loisir et le sport, Minist\u00e8re de l\u2019\u00c9ducation<br \/><\/li>\n\n\n\n<li><strong>Mireille Gourde<\/strong>, Advisor in Research Valorization and Technology Transfer, Vice-president of Research, Creation and Innovation, Universit\u00e9 Laval<br \/><\/li>\n\n\n\n<li><strong>Sylvie Parent<\/strong>, Chairholder, Full Professor, Department of Physical Education, Universit\u00e9 Laval<\/li>\n<\/ul>\n\n\n\n<ul class=\"wp-block-list\">\n<li><strong>Anabelle Viau-Guay<\/strong>, Dean, Faculty of Education, Universit\u00e9 Laval<\/li>\n<\/ul>\n<\/div><\/div>\n<\/div>\n<\/div>\n<\/div>\n<div class=\"clearFix\"><\/div><\/div><\/section>\n\n\n\n<section class=\"wp-block-csrtcommun-gutenberg-block-bloc-strate  strate bg-undefined\" aria-label=\"\"><div class=\"strate-contenu\">\n<h2 class=\"wp-block-heading margin-top-40\"><meta charset=\"utf-8\"\/>Chairholder&#8217;s message<\/h2>\n\n\n\n<div class=\"wp-block-columns is-layout-flex wp-container-core-columns-is-layout-9d6595d7 wp-block-columns-is-layout-flex\">\n<div class=\"wp-block-column is-layout-flow wp-block-column-is-layout-flow\" style=\"flex-basis:33.33%\">\n<figure class=\"wp-block-image size-large is-resized\"><img loading=\"lazy\" decoding=\"async\" width=\"1024\" height=\"683\" src=\"https:\/\/sims.chaire.ulaval.ca\/\/app\/uploads\/2021\/08\/Sylvie-Parent-1-1024x683.jpg\" alt=\"Photo de Sylvie Parent, Titulaire de la Chaire SIMS\" class=\"wp-image-357\" style=\"aspect-ratio:1.5;width:297px;height:auto\" srcset=\"https:\/\/sims.chaire.ulaval.ca\/\/app\/uploads\/2021\/08\/Sylvie-Parent-1-1024x683.jpg 1024w, https:\/\/sims.chaire.ulaval.ca\/\/app\/uploads\/2021\/08\/Sylvie-Parent-1-300x200.jpg 300w, https:\/\/sims.chaire.ulaval.ca\/\/app\/uploads\/2021\/08\/Sylvie-Parent-1-768x512.jpg 768w, https:\/\/sims.chaire.ulaval.ca\/\/app\/uploads\/2021\/08\/Sylvie-Parent-1-1536x1024.jpg 1536w, https:\/\/sims.chaire.ulaval.ca\/\/app\/uploads\/2021\/08\/Sylvie-Parent-1-2048x1365.jpg 2048w\" sizes=\"auto, (max-width: 1024px) 100vw, 1024px\" \/><\/figure>\n<\/div>\n\n\n\n<div class=\"wp-block-column is-layout-flow wp-block-column-is-layout-flow\" style=\"flex-basis:66.66%\">\n<p>As in many places, we are witnessing a collective awakening to the issues surrounding the safety and integrity of participants in sport, as well as a real desire to create a practice environment free of violence. In order to prevent and intervene in this regard, we have a tangible need for knowledge in this area. As Chairholder, I intend to ensure that the Research Chair in Safety and Integrity in Sport (SIMS) plays a leading role in the fight against violence in sport. I also hope that the work we are doing and will do in the future will be guided by a concern for meeting the needs of the community. It is through the mobilization of an exceptional multidisciplinary team composed of renowned researchers, community partners and experienced students that we will be able to achieve this. By forging this alliance between research and the community, we will be able to achieve our common goal: to make sport a healthy and safe environment so that it can play a fundamental role in the lives of our youth and have the desired impact on their growth, development, and fulfillment within society.<\/p>\n<\/div>\n<\/div>\n\n\n\n<h2 class=\"wp-block-heading margin-top-50\">Minister&#8217;s message<\/h2>\n\n\n\n<div class=\"wp-block-columns is-layout-flex wp-container-core-columns-is-layout-9d6595d7 wp-block-columns-is-layout-flex\">\n<div class=\"wp-block-column is-layout-flow wp-block-column-is-layout-flow\" style=\"flex-basis:33.33%\">\n<figure class=\"wp-block-image size-large is-resized\"><img loading=\"lazy\" decoding=\"async\" width=\"683\" height=\"1024\" src=\"https:\/\/sims.chaire.ulaval.ca\/\/app\/uploads\/2021\/08\/Photo-Charest-couleur-1-683x1024.jpg\" alt=\"Photo de la Ministre Isabelle Charest\" class=\"wp-image-336\" style=\"aspect-ratio:0.6666666666666666;width:299px;height:auto\" srcset=\"https:\/\/sims.chaire.ulaval.ca\/\/app\/uploads\/2021\/08\/Photo-Charest-couleur-1-683x1024.jpg 683w, https:\/\/sims.chaire.ulaval.ca\/\/app\/uploads\/2021\/08\/Photo-Charest-couleur-1-200x300.jpg 200w, https:\/\/sims.chaire.ulaval.ca\/\/app\/uploads\/2021\/08\/Photo-Charest-couleur-1-768x1151.jpg 768w, https:\/\/sims.chaire.ulaval.ca\/\/app\/uploads\/2021\/08\/Photo-Charest-couleur-1-1025x1536.jpg 1025w, https:\/\/sims.chaire.ulaval.ca\/\/app\/uploads\/2021\/08\/Photo-Charest-couleur-1-1366x2048.jpg 1366w, https:\/\/sims.chaire.ulaval.ca\/\/app\/uploads\/2021\/08\/Photo-Charest-couleur-1-scaled.jpg 1708w\" sizes=\"auto, (max-width: 683px) 100vw, 683px\" \/><\/figure>\n<\/div>\n\n\n\n<div class=\"wp-block-column is-layout-flow wp-block-column-is-layout-flow\" style=\"flex-basis:66.66%\">\n<p>The safety and integrity of Quebec athletes are at the heart of my concerns. In the current context, where the public has become increasingly aware of stories of abuse, harassment, neglect and violence, the creation of the Research Chair in Safety and Integrity in Sport at Universit\u00e9 Laval is another concrete step to which the Gouvernement du Qu\u00e9bec is contributing to and through which we are helping to prevent and counter violence in all its forms.<\/p>\n\n\n\n<p>Dr. Sylvie Parent, a Professor in the Faculty of Education at Universit\u00e9 Laval and a renowned specialist in violence in sport, is deeply concerned about violence in sport. With this Research Chair, she is committed to documenting the phenomenon of violence and identifying risk factors in order to develop, implement and evaluate preventive measures in the area of violence in sport.<\/p>\n\n\n\n<p>I would like to thank Dr. Parent and her team for implementing a project that is so valuable to me. It is through initiatives such as this that sport in Quebec can thrive in safety and integrity.<br \/><br \/><strong>Isabelle Charest<br \/><\/strong>Ministre responsable du Sport, du Loisir et du Plein air<\/p>\n\n\n\n<div class=\"wp-block-columns margin-top-30 is-layout-flex wp-container-core-columns-is-layout-9d6595d7 wp-block-columns-is-layout-flex\">\n<div class=\"wp-block-column is-layout-flow wp-block-column-is-layout-flow\">\n<figure class=\"wp-block-image size-large is-resized\"><img loading=\"lazy\" decoding=\"async\" width=\"1024\" height=\"303\" src=\"https:\/\/sims.chaire.ulaval.ca\/\/app\/uploads\/2021\/08\/votre-gouv_couleur-1-1024x303.png\" alt=\"\" class=\"wp-image-338\" style=\"aspect-ratio:3.3684210526315788;width:135px;height:auto\" srcset=\"https:\/\/sims.chaire.ulaval.ca\/\/app\/uploads\/2021\/08\/votre-gouv_couleur-1-1024x303.png 1024w, https:\/\/sims.chaire.ulaval.ca\/\/app\/uploads\/2021\/08\/votre-gouv_couleur-1-300x89.png 300w, https:\/\/sims.chaire.ulaval.ca\/\/app\/uploads\/2021\/08\/votre-gouv_couleur-1-768x228.png 768w, https:\/\/sims.chaire.ulaval.ca\/\/app\/uploads\/2021\/08\/votre-gouv_couleur-1.png 1026w\" sizes=\"auto, (max-width: 1024px) 100vw, 1024px\" \/><\/figure>\n<\/div>\n\n\n\n<div class=\"wp-block-column is-layout-flow wp-block-column-is-layout-flow\">\n<figure class=\"wp-block-image size-full is-resized\"><img loading=\"lazy\" decoding=\"async\" width=\"560\" height=\"169\" src=\"https:\/\/sims.chaire.ulaval.ca\/\/app\/uploads\/2021\/08\/QUEBi2c-1.jpg\" alt=\"Signature gouvernementale - Gouvernement du Qu\u00e9bec\" class=\"wp-image-344\" style=\"aspect-ratio:3.2941176470588234;width:152px;height:auto\" srcset=\"https:\/\/sims.chaire.ulaval.ca\/\/app\/uploads\/2021\/08\/QUEBi2c-1.jpg 560w, https:\/\/sims.chaire.ulaval.ca\/\/app\/uploads\/2021\/08\/QUEBi2c-1-300x91.jpg 300w\" sizes=\"auto, (max-width: 560px) 100vw, 560px\" \/><\/figure>\n<\/div>\n<\/div>\n<\/div>\n<\/div>\n<div class=\"clearFix\"><\/div><\/div><\/section>\n\n\n\n<section class=\"wp-block-csrtcommun-gutenberg-block-bloc-strate-image-contenu  strate undefined bg-gris-pale\"><div class=\"strate-contenu-image right\"><div class=\"bloc-contenu\"><div>\n<h2 class=\"wp-block-heading\">Team<\/h2>\n\n\n\n<p>The team of the SIMS Chair is composed of researchers from various disciplines using diverse research designs. The multidisciplinary nature of the research team allows it to provide innovative insight into the issues surrounding safety and integrity in sport. The SIMS Chair includes high-calibre researchers, students, and research professionals, from Quebec, Canada and abroad.<\/p>\n\n\n\n<div class=\"wp-block-csrtcommun-gutenberg-block-bloc-bouton-lien bouton-lien__wrapper  texte-gauche\"><a class=\"bouton-lien accent-blanc\" href=\"https:\/\/sims.chaire.ulaval.ca\/en\/about-us\/team\/\">Discover our team<\/a><\/div>\n<\/div><\/div><div class=\" bloc-image  image-active\"><img decoding=\"async\" src=\"https:\/\/sims.chaire.ulaval.ca\/\/app\/uploads\/2022\/10\/E\u0301quipe.png\"\/><\/div><\/div><\/section>\n","protected":false},"excerpt":{"rendered":"","protected":false},"author":4,"featured_media":0,"parent":0,"menu_order":0,"comment_status":"closed","ping_status":"closed","template":"","meta":{"_acf_changed":false,"footnotes":""},"class_list":["post-1911","page","type-page","status-publish","hentry"],"acf":[],"_links":{"self":[{"href":"https:\/\/sims.chaire.ulaval.ca\/en\/wp-json\/wp\/v2\/pages\/1911","targetHints":{"allow":["GET"]}}],"collection":[{"href":"https:\/\/sims.chaire.ulaval.ca\/en\/wp-json\/wp\/v2\/pages"}],"about":[{"href":"https:\/\/sims.chaire.ulaval.ca\/en\/wp-json\/wp\/v2\/types\/page"}],"author":[{"embeddable":true,"href":"https:\/\/sims.chaire.ulaval.ca\/en\/wp-json\/wp\/v2\/users\/4"}],"replies":[{"embeddable":true,"href":"https:\/\/sims.chaire.ulaval.ca\/en\/wp-json\/wp\/v2\/comments?post=1911"}],"version-history":[{"count":27,"href":"https:\/\/sims.chaire.ulaval.ca\/en\/wp-json\/wp\/v2\/pages\/1911\/revisions"}],"predecessor-version":[{"id":6798,"href":"https:\/\/sims.chaire.ulaval.ca\/en\/wp-json\/wp\/v2\/pages\/1911\/revisions\/6798"}],"wp:attachment":[{"href":"https:\/\/sims.chaire.ulaval.ca\/en\/wp-json\/wp\/v2\/media?parent=1911"}],"curies":[{"name":"wp","href":"https:\/\/api.w.org\/{rel}","templated":true}]}}