{"id":5720,"date":"2025-02-07T16:19:34","date_gmt":"2025-02-07T21:19:34","guid":{"rendered":"https:\/\/sims.chaire.ulaval.ca\/?page_id=5720"},"modified":"2026-03-27T13:17:53","modified_gmt":"2026-03-27T17:17:53","slug":"to-request-access","status":"publish","type":"page","link":"https:\/\/sims.chaire.ulaval.ca\/en\/scales\/to-request-access\/","title":{"rendered":"Scales for the scientific community"},"content":{"rendered":"\n<section class=\"wp-block-csrtcommun-gutenberg-block-bloc-strate  strate bg-undefined\" aria-label=\"\"><div class=\"strate-contenu\">\n<div class=\"wp-block-columns is-layout-flex wp-container-core-columns-is-layout-9d6595d7 wp-block-columns-is-layout-flex\">\n<div class=\"wp-block-column is-vertically-aligned-center is-layout-flow wp-block-column-is-layout-flow\" style=\"flex-basis:15%\">\n<h2 class=\"wp-block-heading has-text-align-center\">CSES<\/h2>\n\n\n\n<p class=\"has-text-align-center\"><strong>Conformity to the Sport Ethic Scale<\/strong> <\/p>\n<\/div>\n\n\n\n<div class=\"wp-block-column is-layout-flow wp-block-column-is-layout-flow\" style=\"flex-basis:75%\">\n<p>The CSES is the first validated tool available in the literature to assess the conformity level of athletes to the ethical standards in sport (e.g., to be a &#8220;true athlete\u201d, one must be willing to make sacrifices to achieve one\u2019s goals). This tool consists of three subscales that measure the <em>Self-Sacrifice norm<\/em>, the <em>Striving for Distinction norm<\/em>, and the <em>Refusal to Accept Limits norm<\/em>.<\/p>\n\n\n\n<div class=\"wp-block-getwid-accordion has-icon-left\" data-active-element=\"none\">\n<div class=\"wp-block-getwid-accordion__header-wrapper\"><span class=\"wp-block-getwid-accordion__header\"><a href=\"#\"><span class=\"wp-block-getwid-accordion__header-title\">More information<\/span><span class=\"wp-block-getwid-accordion__icon is-active\"><i class=\"fas fa-plus\"><\/i><\/span><span class=\"wp-block-getwid-accordion__icon is-passive\"><i class=\"fas fa-minus\"><\/i><\/span><\/a><\/span><\/div><div class=\"wp-block-getwid-accordion__content-wrapper\"><div class=\"wp-block-getwid-accordion__content\">\n<p><strong>Language<\/strong> : French and English<\/p>\n\n\n\n<p><strong>Mode<\/strong> : Self-administered<\/p>\n\n\n\n<p><strong>Publication date<\/strong> : 2020<\/p>\n\n\n\n<p><strong>Validation<\/strong> :<\/p>\n\n\n\n<p>Parent, S., Fortier, K., Vaillancourt-Morel, M.-P., Lessard, G., Goulet, C., Demers, G., Paradis, H., &amp; Hartill, M. (2020). Development and initial factor validation of the French Conformity to the Sport Ethic Scale (CSES). Canadian Journal of Behavioural Science \/ Revue canadienne des sciences du comportement, 52(4), 331\u2013336. <a href=\"https:\/\/doi.org\/10.1037\/cbs0000168\" target=\"_blank\" rel=\"noreferrer noopener\">https:\/\/doi.org\/10.1037\/cbs0000168<\/a><\/p>\n<\/div><\/div>\n\n\n\n<div class=\"wp-block-getwid-accordion__header-wrapper\"><span class=\"wp-block-getwid-accordion__header\"><a href=\"#\"><span class=\"wp-block-getwid-accordion__header-title\">Studies using the CSES<\/span><span class=\"wp-block-getwid-accordion__icon is-active\"><i class=\"fas fa-plus\"><\/i><\/span><span class=\"wp-block-getwid-accordion__icon is-passive\"><i class=\"fas fa-minus\"><\/i><\/span><\/a><\/span><\/div><div class=\"wp-block-getwid-accordion__content-wrapper\"><div class=\"wp-block-getwid-accordion__content\">\n<p>-Boudreault, V., Gagnon-Girouard, M. P., Carbonneau, N., Labossi\u00e8re, S., B\u00e9gin, C., &amp; Parent, S. (2022). Extreme weight control behaviors among adolescent athletes: Links with weight-related maltreatment from parents and coaches and sport ethic norms. <em>International Review for the Sociology of Sport, 57<\/em>(3), 421-439.&nbsp;<a href=\"https:\/\/pubmed.ncbi.nlm.nih.gov\/35310918\/\">doi: 10.1177\/10126902211018672.<\/a><\/p>\n\n\n\n<p>-De Sousa, D., Labossi\u00e8re, S., Radziszewski, S., Paradis, H., B\u00e9langer-Gravel, A., Gagn\u00e9, M.-H., Vertommen, T., Woodburn, A., &amp; Parent, S. (2025). The role of sport norms and organizational pressure on coaches\u2019 use of interpersonal violence\u202f: The mediating role of perceived instrumental effects of violence. I<em>nternational Journal of Sports Science &amp; Coaching<\/em>, 17479541251395228. <a href=\"https:\/\/doi.org\/10.1177\/17479541251395228\">https:\/\/doi.org\/10.1177\/17479541251395228<\/a><\/p>\n\n\n\n<p>-Demers, E., Lessard, G., Parent, S., &amp; Paradis, H. (2021). Athlete victims of sexual violence: Links to conformity to the sport ethic. <em>European Journal for Sport and Society<\/em>, 1-17.<a href=\"https:\/\/www.tandfonline.com\/doi\/full\/10.1080\/16138171.2021.2003056\">&nbsp;https:\/\/doi.org\/10.1080\/16138171.2021.2003056<\/a><\/p>\n\n\n\n<p>-Fournier, C., Parent, S., &amp; Paradis, H.. (2021). The relationship between psychological violence by coaches andconformity of young athletes to the sport ethic norms. <em>European Journal for Sport and Society<\/em>, 1\u201319.<br \/><a href=\"https:\/\/doi.org\/10.1080\/16138171.2021.1878436\">https:\/\/doi.org\/10.1080\/16138171.2021.1878436<\/a><\/p>\n\n\n\n<p>-Franzoni, A., Antonietti, J.-P., Munsch, S., &amp; Messerli-B\u00fcrgy, N. (2025). Psychosocial correlates of disordered eating among adolescent athletes\u202f: A cross-sectional study. <em>Journal of Eating Disorders<\/em>, <em>14<\/em>(1), 8. <a href=\"https:\/\/doi.org\/10.1186\/s40337-025-01500-x\">https:\/\/doi.org\/10.1186\/s40337-025-01500-x<\/a><\/p>\n\n\n\n<p>-Parent, S., Radziszewski, S., Gillard, A., B\u00e9langer-Gravel, A., Gagn\u00e9, M.-H., St-Pierre, E., Vertommen, T., &amp; Woodburn, A. (2024).Development and initial validation of the perceived instrumental effects of violence in sport scale. <em>Frontiers in Sports and Active Living,<\/em> 6.&nbsp;<a href=\"https:\/\/doi.org\/10.3389\/fspor.2024.1355958\">https:\/\/doi.org\/10.3389\/fspor.2024.1355958<\/a><\/p>\n<\/div><\/div>\n<\/div>\n<\/div>\n<\/div>\n\n\n\n<div class=\"wp-block-columns is-layout-flex wp-container-core-columns-is-layout-9d6595d7 wp-block-columns-is-layout-flex\">\n<div class=\"wp-block-column is-vertically-aligned-center is-layout-flow wp-block-column-is-layout-flow\" style=\"flex-basis:15%\">\n<h2 class=\"wp-block-heading has-text-align-center\">VTAQ<\/h2>\n\n\n\n<p class=\"has-text-align-center\"><strong>Violence Toward Athletes Questionnaire<\/strong> <\/p>\n<\/div>\n\n\n\n<div class=\"wp-block-column is-layout-flow wp-block-column-is-layout-flow\" style=\"flex-basis:75%\">\n<p>The VTAQ is a validated questionnaire that evaluate all types of interpersonal violence (IV; sexual, psychological, physical and neglect) in the specific context of sport. The questionnaire is divided into 3 subscales, depending on the perpetrator of violence (athlete, coach, or parent).<\/p>\n\n\n\n<div class=\"wp-block-getwid-accordion has-icon-left\" data-active-element=\"none\">\n<div class=\"wp-block-getwid-accordion__header-wrapper\"><span class=\"wp-block-getwid-accordion__header\"><a href=\"#\"><span class=\"wp-block-getwid-accordion__header-title\">More information<\/span><span class=\"wp-block-getwid-accordion__icon is-active\"><i class=\"fas fa-plus\"><\/i><\/span><span class=\"wp-block-getwid-accordion__icon is-passive\"><i class=\"fas fa-minus\"><\/i><\/span><\/a><\/span><\/div><div class=\"wp-block-getwid-accordion__content-wrapper\"><div class=\"wp-block-getwid-accordion__content\">\n<p><strong>Language<\/strong> : French and English<\/p>\n\n\n\n<p><strong>Mode<\/strong> : Self-administered<\/p>\n\n\n\n<p><strong>Publication date<\/strong> : 2019<\/p>\n\n\n\n<p><strong>Validation<\/strong> :<\/p>\n\n\n\n<p>Parent, S., Fortier, K., Vaillancourt-Morel, M.-P., Lessard, G., Goulet, C., Demers, G., Paradis, H., &amp; Hartill, M. (2019). Development and initial factor validation of the Violence Toward Athletes Questionnaire (VTAQ) in a sample of young athletes. Loisir et Soci\u00e9t\u00e9 \/ Society and Leisure, 42(3), 471-486. <a href=\"https:\/\/doi.org\/10.1080\/07053436.2019.1682262\" target=\"_blank\" rel=\"noreferrer noopener\">https:\/\/doi.org\/10.1080\/07053436.2019.1682262<\/a><\/p>\n<\/div><\/div>\n\n\n\n<div class=\"wp-block-getwid-accordion__header-wrapper\"><span class=\"wp-block-getwid-accordion__header\"><a href=\"#\"><span class=\"wp-block-getwid-accordion__header-title\">Studies using the VTAQ<\/span><span class=\"wp-block-getwid-accordion__icon is-active\"><i class=\"fas fa-plus\"><\/i><\/span><span class=\"wp-block-getwid-accordion__icon is-passive\"><i class=\"fas fa-minus\"><\/i><\/span><\/a><\/span><\/div><div class=\"wp-block-getwid-accordion__content-wrapper\"><div class=\"wp-block-getwid-accordion__content\">\n<p>-Boudreault, V., Gagnon-Girouard, M. P., Carbonneau, N., Labossi\u00e8re, S., B\u00e9gin, C., &amp; Parent, S. (2022). Extreme weight control behaviors among adolescent athletes: Links with weight-related maltreatment from parents and coaches and sport ethic norms. <em>International Review for the Sociology of Sport, 57<\/em>(3), 421-439. &nbsp;<a href=\"https:\/\/pubmed.ncbi.nlm.nih.gov\/35310918\/\">10.1177\/10126902211018672.<\/a><\/p>\n\n\n\n<p>-De Sousa, D., Labossi\u00e8re, S., Radziszewski, S., Paradis, H., B\u00e9langer-Gravel, A., Gagn\u00e9, M.-H., Vertommen, T., Woodburn, A., &amp; Parent, S. (2025). The role of sport norms and organizational pressure on coaches\u2019 use of interpersonal violence\u202f: The mediating role of perceived instrumental effects of violence. I<em>nternational Journal of Sports Science &amp; Coaching<\/em>, 17479541251395228. <a href=\"https:\/\/doi.org\/10.1177\/17479541251395228\">https:\/\/doi.org\/10.1177\/17479541251395228<\/a><\/p>\n\n\n\n<p>-Demers, E., Lessard, G., Parent, S., &amp; Paradis, H. (2021). Athlete victims of sexual violence: Links to conformity to the sport ethic. <em>European Journal for Sport and Society,<\/em> 1-17. <a href=\"https:\/\/www.tandfonline.com\/doi\/full\/10.1080\/16138171.2021.2003056\">https:\/\/doi.org\/10.1080\/16138171.2021.2003056<\/a><\/p>\n\n\n\n<p>-Fournier, C., Parent, S., &amp; Paradis, H.. (2021). The relationship between psychological violence by coaches andconformity of young athletes to the sport ethic norms. <em>European Journal for Sport and Society<\/em>, 1\u201319. <a href=\"https:\/\/doi.org\/10.1080\/16138171.2021.1878436\">https:\/\/doi.org\/10.1080\/16138171.2021.1878436<\/a><\/p>\n\n\n\n<p>-Gillard, A., Labossi\u00e8re, S., Vaillancourt-Morel, M.-P., &amp; Parent, S. (2024). Diversity of Profiles Among Adolescent-Athletes Reporting Sexual Violence in Sport. <em>Journal of Child Sexual Abuse<\/em>. <a href=\"https:\/\/doi.org\/10.1080\/10538712.2024.2434852\">https:\/\/doi.org\/10.1080\/10538712.2024.2434852<\/a><\/p>\n\n\n\n<p>-Gillard, A., Labossi\u00e8re, S., Vaillancourt-Morel, M. P.,&nbsp;&amp;&nbsp;Parent, S. (2025). The role of gender, type of sport practiced, and sport level on the association between experience of sexual violence in sport and symptoms of disordered eating in adolescent-athletes.&nbsp;<em>International Journal of Sport and Exercise Psychology<\/em>, 1\u201319.&nbsp; <a href=\"https:\/\/doi.org\/10.1080\/1612197X.2025.2547359\">https:\/\/doi.org\/10.1080\/1612197X.2025.2547359<\/a><\/p>\n\n\n\n<p>-Maranh\u00e3o, J., Parent, S., Clermont, C., &amp; Vertommen, T. (2025). Self-Reported Experiences of Interpersonal Violence Among High-Performance Athletes in Brazil. Journal of Interpersonal Violence, 0(0). <a href=\"https:\/\/doi.org\/10.1177\/08862605251368852\">https:\/\/doi.org\/10.1177\/08862605251368852<\/a> <\/p>\n\n\n\n<p>-Mountjoy, M., Adriaens, K., Junge, A., Verhelle, H., Laureys, F., Kirby, S., Dienstbach-Wech, L., Foster, J., &amp; Vertommen, T. (2024). Association of self-reported health problems and interpersonal violence in sport: a cross-sectional study in world-level performing athletes.British Journal of Sports Medicine, 58(22), 1360\u20131368. <a href=\"https:\/\/doi.org\/10.1136\/bjsports-2024-109022\">https:\/\/doi.org\/10.1136\/bjsports-2024-109022<\/a><\/p>\n\n\n\n<p>-Pankowiak, A.,Woessner, M. N., Parent, S., Vertommen, T., Eime, R., Spaaij, R., Harvey, J., &amp; Parker, A. G. (2022). Psychological, physical, and sexual violence against children in Australian community sport: Frequency, perpetrator and victim characteristics. <em>Journal of Interpersonal Violence, 38<\/em>(3-4), 4338- 4365.&nbsp;<a href=\"https:\/\/doi.org\/10.1177\/08862605221114155\">https:\/\/doi.org\/10.1177\/08862605221114155<\/a><\/p>\n\n\n\n<p>-Parent, S., Clermont, C., Radziszewski, S., Vertommen, T., &amp; Dion, J. (2023). Child maltreatment and links with experiences of interpersonal violence in sport in a sample of Canadian adolescents. <em>Social sciences, 12<\/em>(6), 36.&nbsp;<a href=\"https:\/\/doi.org\/10.3390\/socsci12060336\">https:\/\/doi.org\/10.3390\/socsci12060336<\/a><\/p>\n\n\n\n<p>-Parent, S., &amp; Vaillancourt-Morel, M. P. (2021). Magnitude and risk factors for interpersonal violence experienced by Canadian teenagers in the sport context. <em>Journal of sport and social issues, 45<\/em>(6), 528-544.&nbsp;<a href=\"https:\/\/doi.org\/10.1177\/0193723520973571\">https:\/\/doi.org\/10.1177\/0193723520973571<\/a><\/p>\n\n\n\n<p>-Parent, S., Vaillancourt-Morel, M. P., &amp; Gillard, A. (2022). Interpersonal violence (IV) in sport and mental health outcomes in teenagers. Journal of Sport and Social Issues, 46(4), 323-337.&nbsp;<a href=\"https:\/\/doi.org\/10.1177\/01937235211043652\">https:\/\/doi.org\/10.1177\/01937235211043652<\/a><\/p>\n\n\n\n<p>&#8211; Sinha, G., &amp; Singh, P. (2025). Exploring the Relationship Between Psychological Violence by Coaches and Mental Toughness Among Indian Athletes. <em>International Sport Coaching Journal<\/em>, 1\u20119. <a href=\"https:\/\/doi.org\/10.1123\/iscj.2024-0074\">https:\/\/doi.org\/10.1123\/iscj.2024-0074<\/a><\/p>\n\n\n\n<p>-Toyoda, H.,\u00a0Horiuchi, T.,\u00a0Ishikawa, K.,\u00a0&amp; Omi,\u00a0Y. (2026). Development and Validation of the Japanese Version of the Violence Toward Athletes Questionnaire-Coach,\u00a0<em>Japanese Journal of Sport Psychology<\/em>,\u00a0 <a href=\"https:\/\/doi.org\/10.4146\/jjspopsy.2025-2514\">https:\/\/doi.org\/10.4146\/jjspopsy.2025-2514<\/a><\/p>\n\n\n\n<p>-Vertommen, T., Decuyper, M., Parent, S., Pankowiak, A., &amp; Woessner, M. N. (2022). Interpersonal violence in Belgian sport today: Young athletes report. <em>International journal of environmental research and public health, 19<\/em>(18), 11745. \u00a0<a href=\"https:\/\/doi.org\/10.3390\/ijerph191811745\">https:\/\/doi.org\/10.3390\/ijerph191811745<\/a><\/p>\n\n\n\n<p>-Vertommen, T., Decuyper, M., Parent, S., &amp; Paradis, H. (2022). Validation of the Dutch (Flemish) version of the violence towards athletes questionnaire (VTAQ). L<em>oisir et Soci\u00e9t\u00e9\/Society and Leisure, 45<\/em>(2), 390- 408. <a href=\"https:\/\/doi.org\/10.1080\/07053436.2022.2097381\">https:\/\/doi.org\/10.1080\/07053436.2022.2097381<\/a><\/p>\n\n\n\n<p>-W\u00f3jcik, S., Organista, N., Kopycka, J., &amp; Szo\u0142ajska, J. (2025). The Prevalence of Violence Against Children in Organized Sport in Poland. <em>Child Abuse Review<\/em>, <em>34<\/em>(5), e70064. <a href=\"https:\/\/doi.org\/10.1002\/car.70064\" target=\"_blank\" rel=\"noreferrer noopener\">https:\/\/doi.org\/10.1002\/car.70064<\/a><\/p>\n\n\n\n<p>-Zach, S., Guy, S., Ben-Yechezkel, R., &amp; Grosman-Rimon, L. (2024). Clear Yet Crossed: Athletes\u2019 Retrospective Reports of Coach Violence. <em>Behavioral Sciences, 14<\/em>(6), 486. <a href=\"https:\/\/doi.org\/10.3390\/bs14060486\">https:\/\/doi.org\/10.3390\/bs14060486<\/a><\/p>\n<\/div><\/div>\n<\/div>\n<\/div>\n<\/div>\n\n\n\n\n\n\n\n\n\n\n\n<div class=\"wp-block-columns is-layout-flex wp-container-core-columns-is-layout-9d6595d7 wp-block-columns-is-layout-flex\">\n<div class=\"wp-block-column is-vertically-aligned-center is-layout-flow wp-block-column-is-layout-flow\" style=\"flex-basis:15%\">\n<h2 class=\"wp-block-heading has-text-align-center\">PIEVS<\/h2>\n\n\n\n<p class=\"has-text-align-center\"><strong><\/strong><strong>Perceived Instrumental Effects of Violence in Sport Scale<\/strong> <\/p>\n<\/div>\n\n\n\n<div class=\"wp-block-column is-layout-flow wp-block-column-is-layout-flow\" style=\"flex-basis:75%\">\n<p>The PIEVS is a validated questionnaire that  measure coaches&#8217; beliefs about perceived instrumental effects of violence in sport.<\/p>\n\n\n\n<div class=\"wp-block-getwid-accordion has-icon-left\" data-active-element=\"none\">\n<div class=\"wp-block-getwid-accordion__header-wrapper\"><span class=\"wp-block-getwid-accordion__header\"><a href=\"#\"><span class=\"wp-block-getwid-accordion__header-title\">More information<\/span><span class=\"wp-block-getwid-accordion__icon is-active\"><i class=\"fas fa-plus\"><\/i><\/span><span class=\"wp-block-getwid-accordion__icon is-passive\"><i class=\"fas fa-minus\"><\/i><\/span><\/a><\/span><\/div><div class=\"wp-block-getwid-accordion__content-wrapper\"><div class=\"wp-block-getwid-accordion__content\">\n<p><strong>Language<\/strong> : French<\/p>\n\n\n\n<p><strong>Mode<\/strong> : Self-administered<\/p>\n\n\n\n<p><strong>Publication date<\/strong> : 2024<\/p>\n\n\n\n<p><strong>Validation<\/strong> :<\/p>\n\n\n\n<p>Parent, S., Radziszewski, S., Gillard, A., B\u00e9langer-Gravel, A., Gagn\u00e9, M.-H., St-Pierre, E., Vertommen, T., &amp;<br \/>Woodburn, A. (2024). Development and initial validation of the Perceived Instrumental Effects of Violence<br \/>in Sport Scale (PIEVS). Frontiers in Sports and Active Living, section Sport Psychology. <a href=\"https:\/\/doi.org\/10.3389\/fspor.2024.1355958\">https:\/\/doi.org\/10.3389\/fspor.2024.1355958<\/a><\/p>\n<\/div><\/div>\n\n\n\n<div class=\"wp-block-getwid-accordion__header-wrapper\"><span class=\"wp-block-getwid-accordion__header\"><a href=\"#\"><span class=\"wp-block-getwid-accordion__header-title\">Study using the PIEVS<\/span><span class=\"wp-block-getwid-accordion__icon is-active\"><i class=\"fas fa-plus\"><\/i><\/span><span class=\"wp-block-getwid-accordion__icon is-passive\"><i class=\"fas fa-minus\"><\/i><\/span><\/a><\/span><\/div><div class=\"wp-block-getwid-accordion__content-wrapper\"><div class=\"wp-block-getwid-accordion__content\">\n<p>-De Sousa, D., Labossi\u00e8re, S., Radziszewski, S., Paradis, H., B\u00e9langer-Gravel, A., Gagn\u00e9, M.-H., Vertommen, T., Woodburn, A., &amp; Parent, S. (2025). The role of sport norms and organizational pressure on coaches\u2019 use of interpersonal violence\u202f: The mediating role of perceived instrumental effects of violence. I<em>nternational Journal of Sports Science &amp; Coaching<\/em>, 17479541251395228. <a href=\"https:\/\/doi.org\/10.1177\/17479541251395228\">https:\/\/doi.org\/10.1177\/17479541251395228<\/a><\/p>\n\n\n\n<p>-Schwab, L., R\u00f6thlin, P., Antonini Philippe, R., &amp; Horvath, S. (2024). The Perceived Instrumental Effects of Violence in Sport (PIEVS) Scale : Translation, (Cross\u2013) Validation, and Short-Form Development of the German Version. Journal of Applied Sport and Exercise Psychology, 2941-7597\/a000032.&nbsp;<a href=\"https:\/\/doi.org\/10.1026\/2941-7597\/a000032\">https:\/\/doi.org\/10.1026\/2941- 7597\/a000032<\/a><\/p>\n\n\n\n<p>-Schwab, L., R\u00f6thlin, P., Antonini Philippe, R., &amp; Horvath, S. (2026). Exploring Coaches\u2019 Responses to Interpersonal Violence in Sport\u202f: Recognition, Severity Perception, and Likelihood of Reporting. <em>Journal of Interpersonal Violence<\/em>. <a href=\"https:\/\/doi.org\/10.1177\/08862605251408112\">https:\/\/doi.org\/10.1177\/08862605251408112<\/a><\/p>\n<\/div><\/div>\n<\/div>\n<\/div>\n<\/div>\n<div class=\"clearFix\"><\/div><\/div><\/section>\n","protected":false},"excerpt":{"rendered":"","protected":false},"author":14,"featured_media":0,"parent":4299,"menu_order":0,"comment_status":"closed","ping_status":"closed","template":"page-secondaire-pleine-page.php","meta":{"_acf_changed":false,"footnotes":""},"class_list":["post-5720","page","type-page","status-publish","hentry"],"acf":[],"_links":{"self":[{"href":"https:\/\/sims.chaire.ulaval.ca\/en\/wp-json\/wp\/v2\/pages\/5720","targetHints":{"allow":["GET"]}}],"collection":[{"href":"https:\/\/sims.chaire.ulaval.ca\/en\/wp-json\/wp\/v2\/pages"}],"about":[{"href":"https:\/\/sims.chaire.ulaval.ca\/en\/wp-json\/wp\/v2\/types\/page"}],"author":[{"embeddable":true,"href":"https:\/\/sims.chaire.ulaval.ca\/en\/wp-json\/wp\/v2\/users\/14"}],"replies":[{"embeddable":true,"href":"https:\/\/sims.chaire.ulaval.ca\/en\/wp-json\/wp\/v2\/comments?post=5720"}],"version-history":[{"count":18,"href":"https:\/\/sims.chaire.ulaval.ca\/en\/wp-json\/wp\/v2\/pages\/5720\/revisions"}],"predecessor-version":[{"id":7068,"href":"https:\/\/sims.chaire.ulaval.ca\/en\/wp-json\/wp\/v2\/pages\/5720\/revisions\/7068"}],"up":[{"embeddable":true,"href":"https:\/\/sims.chaire.ulaval.ca\/en\/wp-json\/wp\/v2\/pages\/4299"}],"wp:attachment":[{"href":"https:\/\/sims.chaire.ulaval.ca\/en\/wp-json\/wp\/v2\/media?parent=5720"}],"curies":[{"name":"wp","href":"https:\/\/api.w.org\/{rel}","templated":true}]}}